{"id":12382,"date":"2026-02-09T10:49:55","date_gmt":"2026-02-09T10:49:55","guid":{"rendered":"https:\/\/vikingoberg.com\/?page_id=12382"},"modified":"2026-03-17T18:38:06","modified_gmt":"2026-03-17T18:38:06","slug":"contacto","status":"publish","type":"page","link":"https:\/\/vikingoberg.com\/it\/contacto\/","title":{"rendered":"Contatti"},"content":{"rendered":"<div class=\"wp-block-uagb-container uagb-block-1607ce44 alignfull uagb-is-root-container\"><div class=\"uagb-container-inner-blocks-wrap\">\n<!DOCTYPE html>\n<html lang=\"es\">\n<head>\n    <meta charset=\"UTF-8\">\n    <meta name=\"viewport\" content=\"width=device-width, initial-scale=1.0\">\n    <title>Contacto | Vikingoberg &#8211; Gu\u00eda de Productos N\u00f3rdicos en Amazon<\/title>\n    <meta name=\"description\" content=\"Contacta con Vikingoberg para consultas sobre productos vikingos en Amazon, informaci\u00f3n cultural n\u00f3rdica y sugerencias. Respuesta r\u00e1pida por email.\">\n    <meta name=\"author\" content=\"vikingoberg\">\n    <meta name=\"keywords\" content=\"contacto productos vikingos, consultas amazon, productos n\u00f3rdicos, ayuda compras online\">\n    <!-- Font Awesome para iconos (opcional, pero lo incluimos por coherencia) -->\n    <link rel=\"stylesheet\" href=\"https:\/\/cdnjs.cloudflare.com\/ajax\/libs\/font-awesome\/6.0.0-beta3\/css\/all.min.css\">\n    <style>\n        * {\n            margin: 0;\n            padding: 0;\n            box-sizing: border-box;\n        }\n        \n        body {\n            font-family: -apple-system, BlinkMacSystemFont, 'Segoe UI', Arial, sans-serif;\n            line-height: 1.6;\n            background: #0a0e13;\n            color: #e8e6e3;\n            font-size: 16px;\n        }\n        \n        .container {\n            max-width: 1200px;\n            margin: 0 auto;\n            padding: 20px;\n        }\n        \n        h1 {\n            font-size: 2.0em;\n            color: #d4a574;\n            margin: 30px 0;\n            text-align: center;\n            font-weight: 700;\n        }\n        \n        .intro {\n            background: #1a1f28;\n            padding: 30px;\n            border-radius: 8px;\n            margin-bottom: 40px;\n            box-shadow: 0 2px 10px rgba(0,0,0,0.3);\n            border: 1px solid #cd7f32;\n            color: #888e9a;\n        }\n        \n        .intro p {\n            margin-bottom: 15px;\n            font-size: 1.1em;\n        }\n        \n        .form-container {\n            background: #1a1f28;\n            border-radius: 12px;\n            padding: 30px;\n            margin-bottom: 50px;\n            box-shadow: 0 4px 15px rgba(0,0,0,0.3);\n            border: 1px solid #cd7f32;\n        }\n        \n        .form-container h2 {\n            color: #d4a574;\n            margin-bottom: 25px;\n            font-size: 1.8em;\n        }\n        \n        .form-group {\n            margin-bottom: 20px;\n        }\n        \n        .form-group label {\n            display: block;\n            margin-bottom: 8px;\n            font-weight: 600;\n            color: #e8e6e3;\n        }\n        \n        .form-control {\n            width: 100%;\n            padding: 12px 15px;\n            border: 1px solid #2a2f38;\n            border-radius: 8px;\n            font-size: 1em;\n            transition: border 0.3s, box-shadow 0.3s;\n            background: #0a0e13;\n            color: #e8e6e3;\n        }\n        \n        .form-control:focus {\n            outline: none;\n            border-color: #cd7f32;\n            box-shadow: 0 0 0 2px rgba(205, 127, 50, 0.2);\n        }\n        \n        \/* Estilo espec\u00edfico para el select y sus opciones *\/\n        select.form-control {\n            color: #000; \/* Color negro para el texto seleccionado *\/\n            background: #f0f0f0; \/* Fondo m\u00e1s claro para resaltar *\/\n        }\n        \n        select.form-control option {\n            color: #000; \/* Color negro para las opciones del desplegable *\/\n            background: #fff; \/* Fondo blanco para legibilidad *\/\n        }\n        \n        textarea.form-control {\n            min-height: 150px;\n            resize: vertical;\n            color: #e8e6e3; \/* Mantenemos el texto claro en el \u00e1rea de texto *\/\n        }\n        \n        .submit-button {\n            display: block;\n            width: 100%;\n            padding: 15px;\n            background: #d4a574;\n            color: #1a1f28;\n            text-align: center;\n            text-decoration: none;\n            border: none;\n            border-radius: 8px;\n            font-weight: 600;\n            font-size: 1.05em;\n            transition: background 0.3s;\n            cursor: pointer;\n        }\n        \n        .submit-button:hover {\n            background: #b88b5e;\n        }\n        \n        .simple-info {\n            background: #1a1f28;\n            border-radius: 12px;\n            padding: 30px;\n            margin-bottom: 50px;\n            box-shadow: 0 2px 10px rgba(0,0,0,0.3);\n            border: 1px solid #cd7f32;\n            color: #888e9a;\n        }\n        \n        .simple-info h2 {\n            color: #d4a574;\n            margin-bottom: 20px;\n        }\n        \n        .simple-info p {\n            margin-bottom: 15px;\n            color: #888e9a;\n        }\n        \n        .disclaimer {\n            background: #1a1f28;\n            padding: 20px;\n            border-radius: 8px;\n            font-size: 0.9em;\n            color: #888e9a;\n            text-align: center;\n            border: 1px solid #cd7f32;\n        }\n        \n        \/* MEDIA QUERIES PARA RESPONSIVE *\/\n        \n        @media (max-width: 992px) {\n            .container {\n                max-width: 95%;\n            }\n        }\n        \n        @media (max-width: 768px) {\n            body {\n                font-size: 15px;\n            }\n            \n            .container {\n                padding: 15px;\n            }\n            \n            h1 {\n                font-size: 1.8em;\n                margin: 20px 0;\n            }\n            \n            h2 {\n                font-size: 1.5em;\n            }\n            \n            .intro,\n            .form-container,\n            .simple-info {\n                padding: 20px;\n                margin-bottom: 30px;\n            }\n            \n            .submit-button {\n                padding: 12px;\n                font-size: 1em;\n            }\n            \n            .disclaimer {\n                padding: 15px;\n                font-size: 0.85em;\n            }\n        }\n        \n        @media (max-width: 480px) {\n            body {\n                font-size: 14px;\n            }\n            \n            .container {\n                padding: 10px;\n            }\n            \n            h1 {\n                font-size: 1.6em;\n                margin: 15px 0;\n            }\n            \n            h2 {\n                font-size: 1.3em;\n            }\n            \n            .intro,\n            .form-container,\n            .simple-info {\n                padding: 15px;\n                margin-bottom: 25px;\n                border-radius: 6px;\n            }\n            \n            .submit-button {\n                padding: 10px;\n                font-size: 0.95em;\n            }\n            \n            .form-control {\n                padding: 10px 12px;\n                font-size: 0.95em;\n            }\n            \n            .disclaimer {\n                padding: 12px;\n                font-size: 0.8em;\n            }\n        }\n        \n        @media (min-width: 1400px) {\n            .container {\n                max-width: 1300px;\n            }\n        }\n        \n        \/* Estilos para mensajes de estado del formulario *\/\n        .form-message {\n            padding: 15px;\n            border-radius: 8px;\n            margin-bottom: 20px;\n            display: none;\n        }\n        \n        .form-message.success {\n            background: #1e3a2a;\n            color: #a8e6b5;\n            border: 1px solid #2e7d32;\n        }\n        \n        .form-message.error {\n            background: #3e1e1e;\n            color: #f8a5a5;\n            border: 1px solid #b71c1c;\n        }\n    <\/style>\n<\/head>\n<body>\n    <div class=\"container\">\n        <h1>Contacta con Vikingoberg<\/h1>\n        \n        <div class=\"intro\">\n            <p><strong>Vikingoberg es una gu\u00eda especializada en productos vikingos y n\u00f3rdicos disponibles en Amazon Espa\u00f1a.<\/strong> No somos una tienda f\u00edsica ni gestionamos pedidos directamente. Nuestro objetivo es ayudarte a encontrar los mejores productos de tem\u00e1tica vikinga con rese\u00f1as honestas y comparativas detalladas.<\/p>\n            <p>Utiliza este formulario para consultas sobre <strong>productos espec\u00edficos<\/strong>, <strong>sugerencias de contenido<\/strong>, <strong>informaci\u00f3n cultural n\u00f3rdica<\/strong> o <strong>colaboraciones<\/strong>. Te responderemos por email lo antes posible.<\/p>\n        <\/div>\n        \n        <div class=\"form-container\">\n            <h2>Formulario de Contacto<\/h2>\n            <div id=\"form-message\" class=\"form-message\"><\/div>\n            <form id=\"contactForm\" action=\"\">\n                <div class=\"form-group\">\n                    <label for=\"name\">Nombre *<\/label>\n                    <input type=\"text\" id=\"name\" name=\"name\" class=\"form-control\" required placeholder=\"Tu nombre\">\n                <\/div>\n                \n                <div class=\"form-group\">\n                    <label for=\"email\">Correo electr\u00f3nico *<\/label>\n                    <input type=\"email\" id=\"email\" name=\"email\" class=\"form-control\" required placeholder=\"tucorreo@ejemplo.com\">\n                <\/div>\n                \n                <div class=\"form-group\">\n                    <label for=\"subject\">Tipo de consulta *<\/label>\n                    <select id=\"subject\" name=\"subject\" class=\"form-control\" required>\n                        <option value=\"\">Selecciona una opci\u00f3n<\/option>\n                        <option value=\"info-producto\">Informaci\u00f3n sobre productos<\/option>\n                        <option value=\"sugerencia-contenido\">Sugerencia de contenido<\/option>\n                        <option value=\"consulta-cultural\">Consulta cultural n\u00f3rdica<\/option>\n                        <option value=\"problema-enlace\">Problema con enlace de Amazon<\/option>\n                        <option value=\"colaboracion\">Propuesta de colaboraci\u00f3n<\/option>\n                        <option value=\"otro\">Otro asunto<\/option>\n                    <\/select>\n                <\/div>\n                \n                <div class=\"form-group\">\n                    <label for=\"message\">Mensaje *<\/label>\n                    <textarea id=\"message\" name=\"message\" class=\"form-control\" required placeholder=\"Escribe tu mensaje aqu\u00ed...\"><\/textarea>\n                <\/div>\n                \n                <button type=\"submit\" class=\"submit-button\">Enviar Mensaje<\/button>\n            <input type=\"hidden\" name=\"trp-form-language\" value=\"it\"\/><\/form>\n        <\/div>\n        \n        <div class=\"simple-info\">\n            <h2>\u00bfC\u00f3mo funciona Vikingoberg?<\/h2>\n            <p><strong>1. Gu\u00eda de Compras:<\/strong> Seleccionamos y analizamos productos vikingos disponibles en Amazon Espa\u00f1a.<\/p>\n            <p><strong>2. Enlaces de Afiliado:<\/strong> Nuestros enlaces a Amazon son de afiliados. Si compras a trav\u00e9s de ellos, recibimos una peque\u00f1a comisi\u00f3n sin costo adicional para ti.<\/p>\n            <p><strong>3. No gestionamos pedidos:<\/strong> Todas las compras se realizan directamente en Amazon. Para problemas con pedidos, contacta con el servicio de atenci\u00f3n al cliente de Amazon.<\/p>\n            <p><strong>4. Respuesta r\u00e1pida:<\/strong> Respondemos consultas por email en un plazo de 24-48 horas h\u00e1biles.<\/p>\n        <\/div>\n        \n        <div class=\"disclaimer\">\n            <p><strong>Nota importante:<\/strong> Vikingoberg es un sitio de recomendaciones de productos. No vendemos productos directamente ni gestionamos inventarios. Todas las compras se realizan en Amazon Espa\u00f1a bajo sus t\u00e9rminos y condiciones. Los precios y disponibilidad pueden cambiar.<\/p>\n            <p>Como Asociado de Amazon, ganamos comisiones por compras calificadas. \u00daltima actualizaci\u00f3n: Enero 2026<\/p>\n        <\/div>\n    <\/div>\n\n    <script>\n        document.getElementById('contactForm').addEventListener('submit', function(e) {\n            e.preventDefault();\n            \n            const name = document.getElementById('name').value;\n            const email = document.getElementById('email').value;\n            const subject = document.getElementById('subject').value;\n            const message = document.getElementById('message').value;\n            const formMessage = document.getElementById('form-message');\n            \n            if (!name || !email || !subject || !message) {\n                formMessage.textContent = 'Por favor, completa todos los campos obligatorios.';\n                formMessage.className = 'form-message error';\n                formMessage.style.display = 'block';\n                return;\n            }\n            \n            formMessage.textContent = '\u00a1Mensaje enviado con \u00e9xito! Te responderemos en 24-48 horas h\u00e1biles.';\n            formMessage.className = 'form-message success';\n            formMessage.style.display = 'block';\n            \n            document.getElementById('contactForm').reset();\n            \n            setTimeout(() => {\n                formMessage.style.display = 'none';\n            }, 5000);\n        });\n        \n        document.querySelectorAll('.form-control').forEach(input => {\n            input.addEventListener('blur', function() {\n                if (this.value.trim() === '' && this.hasAttribute('required')) {\n                    this.style.borderColor = '#e74c3c';\n                } else {\n                    this.style.borderColor = '#2a2f38';\n                }\n            });\n        });\n    <\/script>\n<\/body>\n<\/html>\n<\/div><\/div>","protected":false},"excerpt":{"rendered":"<p>Contacto | Vikingoberg &#8211; Gu\u00eda de Productos N\u00f3rdicos en Amazon Contacta con Vikingoberg Vikingoberg es una gu\u00eda especializada en productos [&hellip;]<\/p>\n","protected":false},"author":2,"featured_media":0,"parent":0,"menu_order":0,"comment_status":"closed","ping_status":"closed","template":"","meta":{"_uag_custom_page_level_css":"","site-sidebar-layout":"default","site-content-layout":"","ast-site-content-layout":"default","site-content-style":"default","site-sidebar-style":"default","ast-global-header-display":"","ast-banner-title-visibility":"","ast-main-header-display":"","ast-hfb-above-header-display":"","ast-hfb-below-header-display":"","ast-hfb-mobile-header-display":"","site-post-title":"disabled","ast-breadcrumbs-content":"","ast-featured-img":"","footer-sml-layout":"","ast-disable-related-posts":"","theme-transparent-header-meta":"","adv-header-id-meta":"","stick-header-meta":"","header-above-stick-meta":"","header-main-stick-meta":"","header-below-stick-meta":"","astra-migrate-meta-layouts":"set","ast-page-background-enabled":"default","ast-page-background-meta":{"desktop":{"background-color":"","background-image":"","background-repeat":"repeat","background-position":"center center","background-size":"auto","background-attachment":"scroll","background-type":"","background-media":"","overlay-type":"","overlay-color":"","overlay-opacity":"","overlay-gradient":""},"tablet":{"background-color":"","background-image":"","background-repeat":"repeat","background-position":"center center","background-size":"auto","background-attachment":"scroll","background-type":"","background-media":"","overlay-type":"","overlay-color":"","overlay-opacity":"","overlay-gradient":""},"mobile":{"background-color":"","background-image":"","background-repeat":"repeat","background-position":"center center","background-size":"auto","background-attachment":"scroll","background-type":"","background-media":"","overlay-type":"","overlay-color":"","overlay-opacity":"","overlay-gradient":""}},"ast-content-background-meta":{"desktop":{"background-color":"var(--ast-global-color-5)","background-image":"","background-repeat":"repeat","background-position":"center center","background-size":"auto","background-attachment":"scroll","background-type":"","background-media":"","overlay-type":"","overlay-color":"","overlay-opacity":"","overlay-gradient":""},"tablet":{"background-color":"var(--ast-global-color-5)","background-image":"","background-repeat":"repeat","background-position":"center center","background-size":"auto","background-attachment":"scroll","background-type":"","background-media":"","overlay-type":"","overlay-color":"","overlay-opacity":"","overlay-gradient":""},"mobile":{"background-color":"var(--ast-global-color-5)","background-image":"","background-repeat":"repeat","background-position":"center center","background-size":"auto","background-attachment":"scroll","background-type":"","background-media":"","overlay-type":"","overlay-color":"","overlay-opacity":"","overlay-gradient":""}},"footnotes":""},"class_list":["post-12382","page","type-page","status-publish","hentry"],"yoast_head":"<!-- This site is optimized with the Yoast SEO plugin v27.6 - https:\/\/yoast.com\/product\/yoast-seo-wordpress\/ -->\n<title>Contacto | Vikingoberg \u2013 Atenci\u00f3n al Cliente y Consultas<\/title>\n<meta name=\"description\" content=\"\u00bfTienes dudas sobre productos vikingos o recomendaciones? Contacta con Vikingoberg y recibe asistencia personalizada. Resolvemos tus consultas de forma r\u00e1pida y clara.\" \/>\n<meta name=\"robots\" content=\"index, follow, max-snippet:-1, max-image-preview:large, max-video-preview:-1\" \/>\n<link rel=\"canonical\" href=\"https:\/\/vikingoberg.com\/it\/contacto\/\" \/>\n<meta property=\"og:locale\" content=\"it_IT\" \/>\n<meta property=\"og:type\" content=\"article\" \/>\n<meta property=\"og:title\" content=\"Contacto | Vikingoberg \u2013 Atenci\u00f3n al Cliente y Consultas\" \/>\n<meta property=\"og:description\" content=\"\u00bfTienes dudas sobre productos vikingos o recomendaciones? Contacta con Vikingoberg y recibe asistencia personalizada. Resolvemos tus consultas de forma r\u00e1pida y clara.\" \/>\n<meta property=\"og:url\" content=\"https:\/\/vikingoberg.com\/it\/contacto\/\" \/>\n<meta property=\"article:modified_time\" content=\"2026-03-17T18:38:06+00:00\" \/>\n<meta name=\"twitter:card\" content=\"summary_large_image\" \/>\n<meta name=\"twitter:label1\" content=\"Tempo di lettura stimato\" \/>\n\t<meta name=\"twitter:data1\" content=\"2 minuti\" \/>\n<script type=\"application\/ld+json\" class=\"yoast-schema-graph\">{\"@context\":\"https:\\\/\\\/schema.org\",\"@graph\":[{\"@type\":\"WebPage\",\"@id\":\"https:\\\/\\\/vikingoberg.com\\\/contacto\\\/\",\"url\":\"https:\\\/\\\/vikingoberg.com\\\/contacto\\\/\",\"name\":\"Contacto | Vikingoberg \u2013 Atenci\u00f3n al Cliente y Consultas\",\"isPartOf\":{\"@id\":\"https:\\\/\\\/vikingoberg.com\\\/#website\"},\"datePublished\":\"2026-02-09T10:49:55+00:00\",\"dateModified\":\"2026-03-17T18:38:06+00:00\",\"description\":\"\u00bfTienes dudas sobre productos vikingos o recomendaciones? Contacta con Vikingoberg y recibe asistencia personalizada. Resolvemos tus consultas de forma r\u00e1pida y clara.\",\"breadcrumb\":{\"@id\":\"https:\\\/\\\/vikingoberg.com\\\/contacto\\\/#breadcrumb\"},\"inLanguage\":\"it-IT\",\"potentialAction\":[{\"@type\":\"ReadAction\",\"target\":[\"https:\\\/\\\/vikingoberg.com\\\/contacto\\\/\"]}]},{\"@type\":\"BreadcrumbList\",\"@id\":\"https:\\\/\\\/vikingoberg.com\\\/contacto\\\/#breadcrumb\",\"itemListElement\":[{\"@type\":\"ListItem\",\"position\":1,\"name\":\"Portada\",\"item\":\"https:\\\/\\\/vikingoberg.com\\\/\"},{\"@type\":\"ListItem\",\"position\":2,\"name\":\"Contacto\"}]},{\"@type\":\"WebSite\",\"@id\":\"https:\\\/\\\/vikingoberg.com\\\/#website\",\"url\":\"https:\\\/\\\/vikingoberg.com\\\/\",\"name\":\"Vikingoberg\",\"description\":\"\",\"potentialAction\":[{\"@type\":\"SearchAction\",\"target\":{\"@type\":\"EntryPoint\",\"urlTemplate\":\"https:\\\/\\\/vikingoberg.com\\\/?s={search_term_string}\"},\"query-input\":{\"@type\":\"PropertyValueSpecification\",\"valueRequired\":true,\"valueName\":\"search_term_string\"}}],\"inLanguage\":\"it-IT\"}]}<\/script>\n<!-- \/ Yoast SEO plugin. -->","yoast_head_json":{"title":"Contacto | Vikingoberg \u2013 Atenci\u00f3n al Cliente y Consultas","description":"\u00bfTienes dudas sobre productos vikingos o recomendaciones? Contacta con Vikingoberg y recibe asistencia personalizada. Resolvemos tus consultas de forma r\u00e1pida y clara.","robots":{"index":"index","follow":"follow","max-snippet":"max-snippet:-1","max-image-preview":"max-image-preview:large","max-video-preview":"max-video-preview:-1"},"canonical":"https:\/\/vikingoberg.com\/it\/contacto\/","og_locale":"it_IT","og_type":"article","og_title":"Contacto | Vikingoberg \u2013 Atenci\u00f3n al Cliente y Consultas","og_description":"\u00bfTienes dudas sobre productos vikingos o recomendaciones? Contacta con Vikingoberg y recibe asistencia personalizada. Resolvemos tus consultas de forma r\u00e1pida y clara.","og_url":"https:\/\/vikingoberg.com\/it\/contacto\/","article_modified_time":"2026-03-17T18:38:06+00:00","twitter_card":"summary_large_image","twitter_misc":{"Tempo di lettura stimato":"2 minuti"},"schema":{"@context":"https:\/\/schema.org","@graph":[{"@type":"WebPage","@id":"https:\/\/vikingoberg.com\/contacto\/","url":"https:\/\/vikingoberg.com\/contacto\/","name":"Contacto | Vikingoberg \u2013 Atenci\u00f3n al Cliente y Consultas","isPartOf":{"@id":"https:\/\/vikingoberg.com\/#website"},"datePublished":"2026-02-09T10:49:55+00:00","dateModified":"2026-03-17T18:38:06+00:00","description":"\u00bfTienes dudas sobre productos vikingos o recomendaciones? Contacta con Vikingoberg y recibe asistencia personalizada. Resolvemos tus consultas de forma r\u00e1pida y clara.","breadcrumb":{"@id":"https:\/\/vikingoberg.com\/contacto\/#breadcrumb"},"inLanguage":"it-IT","potentialAction":[{"@type":"ReadAction","target":["https:\/\/vikingoberg.com\/contacto\/"]}]},{"@type":"BreadcrumbList","@id":"https:\/\/vikingoberg.com\/contacto\/#breadcrumb","itemListElement":[{"@type":"ListItem","position":1,"name":"Portada","item":"https:\/\/vikingoberg.com\/"},{"@type":"ListItem","position":2,"name":"Contacto"}]},{"@type":"WebSite","@id":"https:\/\/vikingoberg.com\/#website","url":"https:\/\/vikingoberg.com\/","name":"Vikingoberg","description":"","potentialAction":[{"@type":"SearchAction","target":{"@type":"EntryPoint","urlTemplate":"https:\/\/vikingoberg.com\/?s={search_term_string}"},"query-input":{"@type":"PropertyValueSpecification","valueRequired":true,"valueName":"search_term_string"}}],"inLanguage":"it-IT"}]}},"uagb_featured_image_src":{"full":false,"thumbnail":false,"medium":false,"medium_large":false,"large":false,"1536x1536":false,"2048x2048":false,"trp-custom-language-flag":false},"uagb_author_info":{"display_name":"Vikingo Berg","author_link":"https:\/\/vikingoberg.com\/it\/author\/viking_berg\/"},"uagb_comment_info":0,"uagb_excerpt":"Contacto | Vikingoberg &#8211; Gu\u00eda de Productos N\u00f3rdicos en Amazon Contacta con Vikingoberg Vikingoberg es una gu\u00eda especializada en productos [&hellip;]","_links":{"self":[{"href":"https:\/\/vikingoberg.com\/it\/wp-json\/wp\/v2\/pages\/12382","targetHints":{"allow":["GET"]}}],"collection":[{"href":"https:\/\/vikingoberg.com\/it\/wp-json\/wp\/v2\/pages"}],"about":[{"href":"https:\/\/vikingoberg.com\/it\/wp-json\/wp\/v2\/types\/page"}],"author":[{"embeddable":true,"href":"https:\/\/vikingoberg.com\/it\/wp-json\/wp\/v2\/users\/2"}],"replies":[{"embeddable":true,"href":"https:\/\/vikingoberg.com\/it\/wp-json\/wp\/v2\/comments?post=12382"}],"version-history":[{"count":63,"href":"https:\/\/vikingoberg.com\/it\/wp-json\/wp\/v2\/pages\/12382\/revisions"}],"predecessor-version":[{"id":13413,"href":"https:\/\/vikingoberg.com\/it\/wp-json\/wp\/v2\/pages\/12382\/revisions\/13413"}],"wp:attachment":[{"href":"https:\/\/vikingoberg.com\/it\/wp-json\/wp\/v2\/media?parent=12382"}],"curies":[{"name":"wp","href":"https:\/\/api.w.org\/{rel}","templated":true}]}}